{"id":6605,"date":"2018-03-14T06:35:11","date_gmt":"2018-03-14T06:35:11","guid":{"rendered":"http:\/\/pgcdesign.invansys.com\/?page_id=6605"},"modified":"2018-03-14T11:17:49","modified_gmt":"2018-03-14T11:17:49","slug":"home-3","status":"publish","type":"page","link":"https:\/\/primarygc.com\/es\/home-3\/","title":{"rendered":"<!DOCTYPE html PUBLIC \"-\/\/W3C\/\/DTD HTML 4.0 Transitional\/\/EN\" \"http:\/\/www.w3.org\/TR\/REC-html40\/loose.dtd\">\n<html><body><p>home-3<\/p><\/body><\/html>"},"content":{"rendered":"<!DOCTYPE html PUBLIC \"-\/\/W3C\/\/DTD HTML 4.0 Transitional\/\/EN\"  \"http:\/\/www.w3.org\/TR\/REC-html40\/loose.dtd\">\n<html><body><p>[vc_row type=&rdquo;full_width_background&rdquo; full_screen_row_position=&rdquo;middle&rdquo; bg_image=&rdquo;6638&Prime; bg_position=&rdquo;center center&rdquo; bg_repeat=&rdquo;no-repeat&rdquo; scene_position=&rdquo;center&rdquo; layer_one_image=&rdquo;2518&Prime; layer_four_image=&rdquo;2655&Prime; text_color=&rdquo;light&rdquo; text_align=&rdquo;center&rdquo; top_padding=&rdquo;10%&rdquo; bottom_padding=&rdquo;10%&rdquo; id=&rdquo;home&rdquo; color_overlay=&rdquo;#878787&Prime; overlay_strength=&rdquo;0.3&Prime;][vc_column centered_text=&rdquo;true&rdquo; column_padding=&rdquo;no-extra-padding&rdquo; column_padding_position=&rdquo;all&rdquo; background_color_opacity=&rdquo;1&Prime; background_hover_color_opacity=&rdquo;1&Prime; column_shadow=&rdquo;none&rdquo; width=&rdquo;1\/1&Prime; tablet_text_alignment=&rdquo;default&rdquo; phone_text_alignment=&rdquo;default&rdquo; column_border_width=&rdquo;none&rdquo; column_border_style=&rdquo;solid&rdquo;][vc_column_text]\n<\/p><h2 style=\"font-size: 60px; line-height: 80px; letter-spacing: -1px; display: block; font-family: 'Open Sans' ; font-weight: 300;\"><b>Primary<\/b>&Acirc;&nbsp;Insight,&Acirc;&nbsp;<b>Global<\/b>&Acirc;&nbsp;World<\/h2>\n[\/vc_column_text][\/vc_column][\/vc_row][vc_row type=&rdquo;full_width_background&rdquo; full_screen_row_position=&rdquo;middle&rdquo; bg_image=&rdquo;6591&Prime; bg_position=&rdquo;right top&rdquo; bg_repeat=&rdquo;no-repeat&rdquo; scene_position=&rdquo;center&rdquo; text_color=&rdquo;dark&rdquo; text_align=&rdquo;left&rdquo; bottom_padding=&rdquo;5%&rdquo; id=&rdquo;pgc&rdquo; overlay_strength=&rdquo;0.3&Prime; exclude_row_header_color_inherit=&rdquo;true&rdquo; shape_divider_position=&rdquo;bottom&rdquo; shape_type=&rdquo;&rdquo;][vc_column enable_animation=&rdquo;true&rdquo; animation=&rdquo;fade-in&rdquo; column_padding=&rdquo;padding-1-percent&rdquo; column_padding_position=&rdquo;left-right&rdquo; background_color_opacity=&rdquo;1&Prime; background_hover_color_opacity=&rdquo;1&Prime; column_shadow=&rdquo;none&rdquo; width=&rdquo;1\/1&Prime; tablet_text_alignment=&rdquo;default&rdquo; phone_text_alignment=&rdquo;default&rdquo; column_border_width=&rdquo;none&rdquo; column_border_style=&rdquo;solid&rdquo; column_border_radius=&rdquo;none&rdquo;]<div class=\"divider-wrap\"><div style=\"height: 25px;\"  class=\"divider\"><\/div><\/div><div class=\"divider-wrap\" ><div style=\"height: 30px;\"  class=\"divider\"><\/div><\/div>[vc_column_text css_animation=&rdquo;lightSpeedIn&rdquo;]\n<h2 style=\"text-align: center; font-size: 38px; color: #0b3d70;\">Primary Global Consulting LLC is a full service, fully integrated business advisory and consulting company<\/h2>\n[\/vc_column_text]<div class=\"divider-wrap\"><div style=\"height: 25px;\" class=\"divider\"><\/div><\/div><div class=\"divider-wrap\"><div style=\"height: 25px;\"  class=\"divider\"><\/div><\/div><div class=\"divider-wrap\"><div style=\"height: 25px;\"  class=\"divider\"><\/div><\/div>[vc_row_inner column_margin=&rdquo;default&rdquo; text_align=&rdquo;left&rdquo;][vc_column_inner column_padding=&rdquo;no-extra-padding&rdquo; column_padding_position=&rdquo;all&rdquo; background_color_opacity=&rdquo;1&Prime; width=&rdquo;1\/2&Prime; column_border_width=&rdquo;none&rdquo; column_border_style=&rdquo;solid&rdquo;][vc_column_text css_animation=&rdquo;bounceInUp&rdquo;]\n<p style=\"text-align: left; text-transform: none; color: #333;\">We are providing value-added services, relationships and management in order to facilitate the successful execution of your business strategy.<\/p>\n<p style=\"text-align: left; text-transform: none; color: #333;\">Our value-added services and relationships focus on the execution of market entry strategies for unique products and services (US to Asia and Asia to US) and government relations (US to Asia and Asia to US) to expedite our client&acirc;&#128;&#153;s agenda.<\/p>\n<p style=\"text-align: left; text-transform: none; color: #333;\">Nuestra experiencia incluye trabajar con peque\u00f1as y medianas empresas y empresas Fortune 100 para estrategias tradicionales de entrada en el mercado que incluyen la asociaci\u00f3n, as\u00ed como la adquisici\u00f3n de actores del mercado local para establecer una presencia inmediata.<\/p>\n[\/vc_column_text]<div class=\"divider-wrap\"><div style=\"height: 25px;\" class=\"divider\"><\/div><\/div>[vc_column_text css_animation=&rdquo;bounceInUp&rdquo;]\n<p style=\"text-transform: none; text-align: left; color: #333;\">In addition to our value added services, we maintain an affiliated relationship with Primary Capital LLC (<a href=\"http:\/\/www.primaryllc.com\">www.primaryllc.com<\/a>), a full services investment banking firm which can provide our clients with the financial resources required for growth and expansion.<\/p>\n[\/vc_column_text][\/vc_column_inner][vc_column_inner column_padding=&rdquo;no-extra-padding&rdquo; column_padding_position=&rdquo;all&rdquo; background_color_opacity=&rdquo;1&Prime; width=&rdquo;1\/2&Prime; column_border_width=&rdquo;none&rdquo; column_border_style=&rdquo;solid&rdquo;][\/vc_column_inner][\/vc_row_inner][\/vc_column][\/vc_row][vc_row type=&rdquo;full_width_content&rdquo; full_screen_row_position=&rdquo;middle&rdquo; bg_image=&rdquo;5259&Prime; bg_position=&rdquo;center center&rdquo; bg_repeat=&rdquo;no-repeat&rdquo; parallax_bg=&rdquo;true&rdquo; parallax_bg_speed=&rdquo;fast&rdquo; bg_color=&rdquo;#4e475c&rdquo; scene_position=&rdquo;center&rdquo; text_color=&rdquo;light&rdquo; text_align=&rdquo;center&rdquo; overlay_strength=&rdquo;0.3&Prime; exclude_row_header_color_inherit=&rdquo;true&rdquo; shape_divider_position=&rdquo;bottom&rdquo;][vc_column centered_text=&rdquo;true&rdquo; column_padding=&rdquo;padding-4-percent&rdquo; column_padding_position=&rdquo;all&rdquo; background_color=&rdquo;#0b3d70&Prime; background_color_opacity=&rdquo;1&Prime; background_color_hover=&rdquo;#0b335c&rdquo; background_hover_color_opacity=&rdquo;0.2&Prime; column_shadow=&rdquo;none&rdquo; width=&rdquo;1\/4&Prime; tablet_text_alignment=&rdquo;default&rdquo; phone_text_alignment=&rdquo;default&rdquo; column_border_width=&rdquo;none&rdquo; column_border_style=&rdquo;solid&rdquo; column_border_radius=&rdquo;none&rdquo; column_link=&rdquo;http:\/\/pgcdesign.invansys.com\/market-entry\/&rdquo;]<div class=\"divider-wrap\"><div style=\"height: 75px;\"  class=\"divider\"><\/div><\/div>[vc_column_text]<i class=\"fas fa-map-signs\"  style=\"color: #fff; font-size: 50px;\"><\/i>\n<h4>Acceso Al Mercado<\/h4>\n[\/vc_column_text]<div class=\"divider-wrap\"><div style=\"height: 15px;\" class=\"divider\"><\/div><\/div>[vc_column_text]\n<p style=\"text-align: left;\">Primary Global Consulting actuar\u00e1 como su punto de contacto, proporcion\u00e1ndole una estrategia comercial de acceso al mercado de servicio completo que incluye socios de gesti\u00f3n locales.<\/p>\n[\/vc_column_text][\/vc_column][vc_column column_padding=&rdquo;padding-4-percent&rdquo; column_padding_position=&rdquo;all&rdquo; background_color=&rdquo;#0b3d70&Prime; background_color_opacity=&rdquo;1&Prime; background_color_hover=&rdquo;#0b335c&rdquo; background_hover_color_opacity=&rdquo;0.2&Prime; column_shadow=&rdquo;none&rdquo; width=&rdquo;1\/4&Prime; tablet_text_alignment=&rdquo;default&rdquo; phone_text_alignment=&rdquo;default&rdquo; column_border_width=&rdquo;none&rdquo; column_border_style=&rdquo;solid&rdquo; column_border_radius=&rdquo;none&rdquo; column_link=&rdquo;http:\/\/pgcdesign.invansys.com\/government-relations\/&rdquo;]<div class=\"divider-wrap\"><div style=\"height: 75px;\"  class=\"divider\"><\/div><\/div>[vc_column_text]<i class=\"fa fa-handshake-o\"  style=\"color: #9557d7; font-size: 50px; right: 20px;\" aria-hidden=\"true\"><\/i>\n<h4>Relaciones Gubernamentales<\/h4>\n[\/vc_column_text]<div class=\"divider-wrap\"><div style=\"height: 15px;\" class=\"divider\"><\/div><\/div>[vc_column_text]\n<p style=\"text-align: left;\">PGC tiene una amplia red de relaciones en Asia y Estados Unidos que incluye el acceso a grupos de expertos centrados en la resoluci\u00f3n de problemas pol\u00edticos y econ\u00f3micos.<\/p>\n[\/vc_column_text][\/vc_column][vc_column column_padding=&rdquo;padding-4-percent&rdquo; column_padding_position=&rdquo;all&rdquo; background_color=&rdquo;#0b3d70&Prime; background_color_opacity=&rdquo;1&Prime; background_color_hover=&rdquo;#0b335c&rdquo; background_hover_color_opacity=&rdquo;0.2&Prime; column_shadow=&rdquo;none&rdquo; width=&rdquo;1\/4&Prime; tablet_text_alignment=&rdquo;default&rdquo; phone_text_alignment=&rdquo;default&rdquo; column_border_width=&rdquo;none&rdquo; column_border_style=&rdquo;solid&rdquo; column_border_radius=&rdquo;none&rdquo; column_link=&rdquo;http:\/\/pgcdesign.invansys.com\/finance\/&rdquo;]<div class=\"divider-wrap\" ><div style=\"height: 75px;\"  class=\"divider\"><\/div><\/div>[vc_column_text]<i class=\"fa fa-bar-chart\"  style=\"color: #9557d7; font-size: 50px;\"  aria-hidden=\"true\"><\/i>\n<h4>Finanzas<\/h4>\n[\/vc_column_text]<div class=\"divider-wrap\"><div style=\"height: 15px;\" class=\"divider\"><\/div><\/div>[vc_column_text]\n<p style=\"text-align: left;\">Primary Capital ofrece una amplia gama de servicios de banca de inversi\u00f3n y asesoramiento financiero a empresas p\u00fablicas y privadas. Primary Capital LLC ofrece una amplia gama de servicios financieros personales para personas con un alto patrimonio neto.<\/p>\n[\/vc_column_text][\/vc_column][vc_column column_padding=&rdquo;padding-4-percent&rdquo; column_padding_position=&rdquo;all&rdquo; background_color=&rdquo;#0b3d70&Prime; background_color_opacity=&rdquo;1&Prime; background_color_hover=&rdquo;#0b335c&rdquo; background_hover_color_opacity=&rdquo;0.2&Prime; column_shadow=&rdquo;none&rdquo; width=&rdquo;1\/4&Prime; tablet_text_alignment=&rdquo;default&rdquo; phone_text_alignment=&rdquo;default&rdquo; column_border_width=&rdquo;none&rdquo; column_border_style=&rdquo;solid&rdquo; column_border_radius=&rdquo;none&rdquo; column_link=&rdquo;http:\/\/pgcdesign.invansys.com\/consulting\/&rdquo;]<div class=\"divider-wrap\"><div style=\"height: 75px;\" class=\"divider\"><\/div><\/div>[vc_column_text]<i class=\"fas fa-users\"  style=\"color: #fff; font-size: 50px;\"><\/i>\n<h4>Consultoria<\/h4>\n[\/vc_column_text]<div class=\"divider-wrap\"><div style=\"height: 15px;\" class=\"divider\"><\/div><\/div>[vc_column_text]\n<p style=\"text-align: left;\">PGC ofrece una amplia gama de servicios de consultor\u00eda empresarial que cubren el acceso al mercado, las relaciones gubernamentales y el acceso a altos ejecutivos de los sectores de inform\u00e1tica y telecomunicaciones.<\/p>\n[\/vc_column_text]<div class=\"divider-wrap\"><div style=\"height: 75px;\" class=\"divider\"><\/div><\/div>[\/vc_column][\/vc_row][vc_row type=&rdquo;full_width_background&rdquo; full_screen_row_position=&rdquo;middle&rdquo; bg_color=&rdquo;#ffffff&rdquo; scene_position=&rdquo;center&rdquo; text_color=&rdquo;dark&rdquo; text_align=&rdquo;center&rdquo; top_padding=&rdquo;5%&rdquo; bottom_padding=&rdquo;5%&rdquo; overlay_strength=&rdquo;0.3&Prime; exclude_row_header_color_inherit=&rdquo;true&rdquo; shape_divider_position=&rdquo;bottom&rdquo;][vc_column enable_animation=&rdquo;true&rdquo; animation=&rdquo;fade-in-from-bottom&rdquo; column_padding=&rdquo;no-extra-padding&rdquo; column_padding_position=&rdquo;all&rdquo; background_color_opacity=&rdquo;1&Prime; background_hover_color_opacity=&rdquo;1&Prime; column_shadow=&rdquo;none&rdquo; width=&rdquo;1\/1&Prime; tablet_text_alignment=&rdquo;default&rdquo; phone_text_alignment=&rdquo;default&rdquo; column_border_width=&rdquo;none&rdquo; column_border_style=&rdquo;solid&rdquo; column_border_radius=&rdquo;none&rdquo;][vc_column_text]\n<h1 style=\"text-align: center;\">Nuestro equipo<\/h1>\n[\/vc_column_text]<div class=\"divider-wrap\"><div style=\"height: 25px;\" class=\"divider\"><\/div><\/div>[\/vc_column][\/vc_row][vc_row type=&rdquo;full_width_background&rdquo; full_screen_row_position=&rdquo;middle&rdquo; bg_color=&rdquo;#0b3d70&Prime; scene_position=&rdquo;center&rdquo; text_color=&rdquo;dark&rdquo; text_align=&rdquo;left&rdquo; bottom_padding=&rdquo;25&Prime; overlay_strength=&rdquo;0.3&Prime; exclude_row_header_color_inherit=&rdquo;true&rdquo; shape_divider_position=&rdquo;bottom&rdquo;][vc_column column_padding=&rdquo;no-extra-padding&rdquo; column_padding_position=&rdquo;all&rdquo; background_color_opacity=&rdquo;1&Prime; background_hover_color_opacity=&rdquo;1&Prime; column_shadow=&rdquo;none&rdquo; width=&rdquo;1\/4&Prime; tablet_text_alignment=&rdquo;default&rdquo; phone_text_alignment=&rdquo;default&rdquo; column_border_width=&rdquo;none&rdquo; column_border_style=&rdquo;solid&rdquo; column_border_radius=&rdquo;none&rdquo;]<div class=\"divider-wrap\"><div style=\"height: 25px;\" class=\"divider\"><\/div><\/div><div class=\"team-member\"  data-style=\"meta_overlaid\"><div class=\"team-member-overlay\"><\/div><a href=\"https:\/\/www.linkedin.com\/in\/john-leo-2ab036a\/\"><\/a> <div class=\"team-member-image\"  style=\"background-image: url(https:\/\/primarygc.com\/wp-content\/uploads\/2018\/02\/john.jpg);\"><\/div><div class=\"team-meta\"><h3>John Leo<\/h3><p>Chairman<\/p><p><\/p><\/div><\/div>[\/vc_column][vc_column column_padding=&rdquo;no-extra-padding&rdquo; column_padding_position=&rdquo;all&rdquo; background_color_opacity=&rdquo;1&Prime; background_hover_color_opacity=&rdquo;1&Prime; column_shadow=&rdquo;none&rdquo; width=&rdquo;1\/4&Prime; tablet_text_alignment=&rdquo;default&rdquo; phone_text_alignment=&rdquo;default&rdquo; column_border_width=&rdquo;none&rdquo; column_border_style=&rdquo;solid&rdquo; column_border_radius=&rdquo;none&rdquo;]<div class=\"divider-wrap\"><div style=\"height: 25px;\"  class=\"divider\"><\/div><\/div><div class=\"team-member\"  data-style=\"meta_overlaid\"><div class=\"team-member-overlay\"><\/div><a href=\"https:\/\/www.linkedin.com\/in\/geckstein\/\"><\/a> <div class=\"team-member-image\"  style=\"background-image: url(https:\/\/primarygc.com\/wp-content\/uploads\/2018\/02\/greg.jpg);\"><\/div><div class=\"team-meta\"><h3>Greg Eckstein<\/h3><p>Managing Director<\/p><p><\/p><\/div><\/div>[\/vc_column][vc_column column_padding=&rdquo;no-extra-padding&rdquo; column_padding_position=&rdquo;all&rdquo; background_color_opacity=&rdquo;1&Prime; background_hover_color_opacity=&rdquo;1&Prime; column_shadow=&rdquo;none&rdquo; width=&rdquo;1\/4&Prime; tablet_text_alignment=&rdquo;default&rdquo; phone_text_alignment=&rdquo;default&rdquo; column_border_width=&rdquo;none&rdquo; column_border_style=&rdquo;solid&rdquo; column_border_radius=&rdquo;none&rdquo;]<div class=\"divider-wrap\"><div style=\"height: 25px;\"  class=\"divider\"><\/div><\/div><div class=\"team-member\"  data-style=\"meta_overlaid\"><div class=\"team-member-overlay\"><\/div><a href=\"https:\/\/www.linkedin.com\/in\/art-magee-cfa-36447a11\/\"><\/a> <div class=\"team-member-image\"  style=\"background-image: url(https:\/\/primarygc.com\/wp-content\/uploads\/2018\/02\/default-user-img.jpg);\"><\/div><div class=\"team-meta\"><h3>Art Magee<\/h3><p>Senior Managing Director<\/p><p><\/p><\/div><\/div>[\/vc_column][vc_column column_padding=&rdquo;no-extra-padding&rdquo; column_padding_position=&rdquo;all&rdquo; background_color_opacity=&rdquo;1&Prime; background_hover_color_opacity=&rdquo;1&Prime; column_shadow=&rdquo;none&rdquo; width=&rdquo;1\/4&Prime; tablet_text_alignment=&rdquo;default&rdquo; phone_text_alignment=&rdquo;default&rdquo; column_border_width=&rdquo;none&rdquo; column_border_style=&rdquo;solid&rdquo; column_border_radius=&rdquo;none&rdquo;]<div class=\"divider-wrap\"><div style=\"height: 25px;\"  class=\"divider\"><\/div><\/div><div class=\"team-member\"  data-style=\"meta_overlaid\"><div class=\"team-member-overlay\"><\/div><a href=\"https:\/\/www.linkedin.com\/in\/stevenxiaotiansong\/\"><\/a> <div class=\"team-member-image\"  style=\"background-image: url(https:\/\/primarygc.com\/wp-content\/uploads\/2018\/02\/default-user-img.jpg);\"><\/div><div class=\"team-meta\"><h3>Steven Song <\/h3><p>Investment Banking Senior Analyst<\/p><p><\/p><\/div><\/div>[\/vc_column][\/vc_row][vc_row type=&rdquo;in_container&rdquo; full_screen_row_position=&rdquo;middle&rdquo; scene_position=&rdquo;center&rdquo; text_color=&rdquo;dark&rdquo; text_align=&rdquo;left&rdquo; overlay_strength=&rdquo;0.3&Prime;][vc_column column_padding=&rdquo;no-extra-padding&rdquo; column_padding_position=&rdquo;all&rdquo; background_color_opacity=&rdquo;1&Prime; background_hover_color_opacity=&rdquo;1&Prime; column_shadow=&rdquo;none&rdquo; width=&rdquo;1\/1&Prime; tablet_text_alignment=&rdquo;default&rdquo; phone_text_alignment=&rdquo;default&rdquo; column_border_width=&rdquo;none&rdquo; column_border_style=&rdquo;solid&rdquo;][vc_column_text]<script>\n console.log(jQuery(window).width());\n if(jQuery(window).width()<1000){\n  jQuery('#top .col').attr('style','width:50% !important')\n }\n<\/script>\n<style>.row-bg.using-image{background-size:106%;}<\/style>\n[\/vc_column_text][\/vc_column][\/vc_row]\n<\/body><\/html>","protected":false},"excerpt":{"rendered":"<!DOCTYPE html PUBLIC \"-\/\/W3C\/\/DTD HTML 4.0 Transitional\/\/EN\"  \"http:\/\/www.w3.org\/TR\/REC-html40\/loose.dtd\">\n<html><body><p>[vc_row type=&rdquo;full_width_background&rdquo; full_screen_row_position=&rdquo;middle&rdquo; bg_image=&rdquo;6638&Prime; bg_position=&rdquo;center center&rdquo; bg_repeat=&rdquo;no-repeat&rdquo; scene_position=&rdquo;center&rdquo; layer_one_image=&rdquo;2518&Prime; layer_four_image=&rdquo;2655&Prime; text_color=&rdquo;light&rdquo; text_align=&rdquo;center&rdquo; top_padding=&rdquo;10%&rdquo; bottom_padding=&rdquo;10%&rdquo; id=&rdquo;home&rdquo; color_overlay=&rdquo;#878787&Prime; overlay_strength=&rdquo;0.3&Prime;][vc_column centered_text=&rdquo;true&rdquo; column_padding=&rdquo;no-extra-padding&rdquo; column_padding_position=&rdquo;all&rdquo; background_color_opacity=&rdquo;1&Prime; background_hover_color_opacity=&rdquo;1&Prime; column_shadow=&rdquo;none&rdquo; width=&rdquo;1\/1&Prime; tablet_text_alignment=&rdquo;default&rdquo; phone_text_alignment=&rdquo;default&rdquo; column_border_width=&rdquo;none&rdquo; column_border_style=&rdquo;solid&rdquo;][vc_column_text] Primary&Acirc;&nbsp;Insight,&Acirc;&nbsp;Global&Acirc;&nbsp;World [\/vc_column_text][\/vc_column][\/vc_row][vc_row&hellip;<\/p>\n<\/body><\/html>","protected":false},"author":2,"featured_media":0,"parent":0,"menu_order":0,"comment_status":"closed","ping_status":"closed","template":"","meta":[],"_links":{"self":[{"href":"https:\/\/primarygc.com\/es\/wp-json\/wp\/v2\/pages\/6605"}],"collection":[{"href":"https:\/\/primarygc.com\/es\/wp-json\/wp\/v2\/pages"}],"about":[{"href":"https:\/\/primarygc.com\/es\/wp-json\/wp\/v2\/types\/page"}],"author":[{"embeddable":true,"href":"https:\/\/primarygc.com\/es\/wp-json\/wp\/v2\/users\/2"}],"replies":[{"embeddable":true,"href":"https:\/\/primarygc.com\/es\/wp-json\/wp\/v2\/comments?post=6605"}],"version-history":[{"count":6,"href":"https:\/\/primarygc.com\/es\/wp-json\/wp\/v2\/pages\/6605\/revisions"}],"predecessor-version":[{"id":6608,"href":"https:\/\/primarygc.com\/es\/wp-json\/wp\/v2\/pages\/6605\/revisions\/6608"}],"wp:attachment":[{"href":"https:\/\/primarygc.com\/es\/wp-json\/wp\/v2\/media?parent=6605"}],"curies":[{"name":"wp","href":"https:\/\/api.w.org\/{rel}","templated":true}]}}