{"id":5971,"date":"2018-01-31T08:09:00","date_gmt":"2018-01-31T08:09:00","guid":{"rendered":"http:\/\/52.6.56.131\/wptest\/?page_id=5971"},"modified":"2022-03-30T17:10:18","modified_gmt":"2022-03-30T17:10:18","slug":"blockchain-and-digital-assets","status":"publish","type":"page","link":"https:\/\/primarygc.com\/es\/blockchain-and-digital-assets\/","title":{"rendered":"<!DOCTYPE html PUBLIC \"-\/\/W3C\/\/DTD HTML 4.0 Transitional\/\/EN\"  \"http:\/\/www.w3.org\/TR\/REC-html40\/loose.dtd\">\n<html><body><p>Blockchain and Digital Assets<\/p><\/body><\/html>"},"content":{"rendered":"<!DOCTYPE html PUBLIC \"-\/\/W3C\/\/DTD HTML 4.0 Transitional\/\/EN\"  \"http:\/\/www.w3.org\/TR\/REC-html40\/loose.dtd\">\n<html><body><p>[vc_row type=&rdquo;in_container&rdquo; full_screen_row_position=&rdquo;middle&rdquo; scene_position=&rdquo;center&rdquo; text_color=&rdquo;light&rdquo; text_align=&rdquo;left&rdquo; class=&rdquo;onpc&rdquo; overlay_strength=&rdquo;0.3&Prime;][vc_column column_padding=&rdquo;no-extra-padding&rdquo; column_padding_position=&rdquo;all&rdquo; background_color_opacity=&rdquo;1&Prime; background_hover_color_opacity=&rdquo;1&Prime; column_shadow=&rdquo;none&rdquo; width=&rdquo;1\/1&Prime; tablet_text_alignment=&rdquo;default&rdquo; phone_text_alignment=&rdquo;default&rdquo; column_border_width=&rdquo;none&rdquo; column_border_style=&rdquo;solid&rdquo;][vc_column_text]\n<\/p><h2>Blockchain and Digital Assets<\/h2>\n[\/vc_column_text][\/vc_column][\/vc_row][vc_row type=&rdquo;full_width_content&rdquo; full_screen_row_position=&rdquo;middle&rdquo; scene_position=&rdquo;center&rdquo; text_color=&rdquo;light&rdquo; text_align=&rdquo;left&rdquo; class=&rdquo;onmob&rdquo; overlay_strength=&rdquo;0.3&Prime;][vc_column column_padding=&rdquo;padding-3-percent&rdquo; column_padding_position=&rdquo;all&rdquo; background_color_opacity=&rdquo;1&Prime; background_hover_color_opacity=&rdquo;1&Prime; column_shadow=&rdquo;none&rdquo; width=&rdquo;1\/1&Prime; tablet_text_alignment=&rdquo;default&rdquo; phone_text_alignment=&rdquo;default&rdquo; column_border_width=&rdquo;none&rdquo; column_border_style=&rdquo;solid&rdquo;][vc_column_text]\n<h2>Relaciones Gubernamentales<\/h2>\n[\/vc_column_text][\/vc_column][\/vc_row][vc_row type=&rdquo;in_container&rdquo; full_screen_row_position=&rdquo;middle&rdquo; equal_height=&rdquo;yes&rdquo; bg_color=&rdquo;#0b3d70&Prime; scene_position=&rdquo;center&rdquo; text_color=&rdquo;custom&rdquo; custom_text_color=&rdquo;#000000&Prime; text_align=&rdquo;left&rdquo; class=&rdquo;onpc&rdquo; overlay_strength=&rdquo;0.3&Prime; exclude_row_header_color_inherit=&rdquo;true&rdquo; shape_divider_position=&rdquo;top&rdquo; shape_type=&rdquo;mountains&rdquo;][vc_column column_padding=&rdquo;padding-7-percent&rdquo; column_padding_position=&rdquo;all&rdquo; background_color=&rdquo;#ffffff&rdquo; background_color_opacity=&rdquo;1&Prime; background_hover_color_opacity=&rdquo;1&Prime; column_shadow=&rdquo;none&rdquo; width=&rdquo;2\/3&Prime; tablet_text_alignment=&rdquo;default&rdquo; phone_text_alignment=&rdquo;default&rdquo; column_border_width=&rdquo;none&rdquo; column_border_style=&rdquo;solid&rdquo; column_border_radius=&rdquo;none&rdquo;][vc_row_inner column_margin=&rdquo;default&rdquo; text_align=&rdquo;left&rdquo;][vc_column_inner enable_animation=&rdquo;true&rdquo; animation=&rdquo;fade-in&rdquo; column_padding=&rdquo;no-extra-padding&rdquo; column_padding_position=&rdquo;all&rdquo; background_color_opacity=&rdquo;1&Prime; width=&rdquo;1\/1&Prime; column_border_width=&rdquo;none&rdquo; column_border_style=&rdquo;solid&rdquo; background_hover_color_opacity=&rdquo;1&Prime; column_shadow=&rdquo;none&rdquo; column_border_radius=&rdquo;none&rdquo;][vc_column_text]Primary Global Consulting has a successful track record of Community Building, Developing Content and Online Education Platforms focused on increasing Product Adoption Rates and Token Holders, for both ERC and BSC tokens and applications. We also have established relationships with various exchanges for token listings.[\/vc_column_text]<div class=\"divider-wrap\"><div style=\"height: 30px;\"  class=\"divider\"><\/div><\/div>[vc_column_text]\n<h5 style=\"color: #0b3d70;\">Community Building \/ Product Adoption \/ Token Adoption<\/h5>\n<p>We are highly skilled in helping our blockchain clients build an online community of product users and token holders that are aligned with the company&acirc;&#128;&#153;s long-term strategy. We produce unique educational content for each client and leverage this content as part of your value-added proposition to grow your community members online.[\/vc_column_text]<\/p><div class=\"divider-wrap\"><div style=\"height: 20px;\"  class=\"divider\"><\/div><\/div>[vc_column_text]Our fundamental approach involves branded online product and token education services, building dedicated product and token centric communities, identifying and developing community leaders and working with our clients to deliver a consistent message which producers a loyal and valued added community of users.[\/vc_column_text]<div class=\"divider-wrap\"><div style=\"height: 30px;\"  class=\"divider\"><\/div><\/div>[vc_column_text]\n<h5 style=\"color: #0b3d70;\">Capital Raising<\/h5>\n<p>We have a strong track record of capital raising through our affiliated investment bank Primary Capital LLC, as well as long standing relationships with private equity funds, family offices and VCs.[\/vc_column_text]<\/p><div class=\"divider-wrap\"><div style=\"height: 30px;\"  class=\"divider\"><\/div><\/div>[vc_column_text]\n<h5 style=\"color: #0b3d70;\">Listing<\/h5>\n<p>We have established relationships with a number of exchanges, a detailed understanding of the listing process, and a number of pre-existing relationships with the key decision makers.[\/vc_column_text]<\/p><div class=\"divider-wrap\"><div style=\"height: 30px;\"  class=\"divider\"><\/div><\/div>[vc_column_text]\n<h5 style=\"color: #0b3d70;\">Strategic Partners<\/h5>\n<p>PGC has partnered with the Mint Group to offer technical advice on the development of applications, tokenomics and the development of a White Paper.[\/vc_column_text][\/vc_column_inner][\/vc_row_inner][\/vc_column][vc_column column_padding=&rdquo;no-extra-padding&rdquo; column_padding_position=&rdquo;all&rdquo; background_color_opacity=&rdquo;0.2&Prime; background_hover_color_opacity=&rdquo;1&Prime; background_image=&rdquo;5275&Prime; column_shadow=&rdquo;none&rdquo; el_class=&rdquo;img-cont&rdquo; width=&rdquo;1\/3&Prime; tablet_text_alignment=&rdquo;default&rdquo; phone_text_alignment=&rdquo;default&rdquo; column_border_width=&rdquo;none&rdquo; column_border_style=&rdquo;solid&rdquo; column_border_radius=&rdquo;none&rdquo;]<\/p><div class=\"img-with-aniamtion-wrap\"  data-max-width=\"200%\"><div class=\"inner\"><a href=\"https:\/\/primarygc.com\/wp-content\/uploads\/2022\/03\/Bitcoin.Image_.V2.jpg\"  class=\"pp\"><img data-shadow=\"none\"  data-shadow-direction=\"middle\"  class=\"img-with-animation pad-rem\"  data-delay=\"0\"  height=\"900\"  width=\"600\"  data-animation=\"fade-in-from-right\"  src=\"https:\/\/primarygc.com\/wp-content\/uploads\/2022\/03\/Bitcoin.Image_.V2.jpg\"  srcset=\"https:\/\/primarygc.com\/wp-content\/uploads\/2022\/03\/Bitcoin.Image_.V2.jpg 600w, https:\/\/primarygc.com\/wp-content\/uploads\/2022\/03\/Bitcoin.Image_.V2-200x300.jpg 200w\"  sizes=\"100vw\" alt=\"\"><\/a><\/div><\/div>[\/vc_column][\/vc_row][vc_row type=&rdquo;full_width_content&rdquo; full_screen_row_position=&rdquo;middle&rdquo; equal_height=&rdquo;yes&rdquo; bg_color=&rdquo;#0b3d70&Prime; scene_position=&rdquo;center&rdquo; text_color=&rdquo;custom&rdquo; custom_text_color=&rdquo;#000000&Prime; text_align=&rdquo;left&rdquo; class=&rdquo;onmob&rdquo; overlay_strength=&rdquo;0.3&Prime; exclude_row_header_color_inherit=&rdquo;true&rdquo; shape_divider_position=&rdquo;top&rdquo; shape_type=&rdquo;mountains&rdquo;][vc_column column_padding=&rdquo;padding-3-percent&rdquo; column_padding_position=&rdquo;all&rdquo; background_color=&rdquo;#ffffff&rdquo; background_color_opacity=&rdquo;1&Prime; background_hover_color_opacity=&rdquo;1&Prime; column_shadow=&rdquo;none&rdquo; width=&rdquo;1\/1&Prime; tablet_text_alignment=&rdquo;default&rdquo; phone_text_alignment=&rdquo;default&rdquo; column_border_width=&rdquo;none&rdquo; column_border_style=&rdquo;solid&rdquo; column_border_radius=&rdquo;none&rdquo;][vc_row_inner column_margin=&rdquo;default&rdquo; text_align=&rdquo;left&rdquo;][vc_column_inner enable_animation=&rdquo;true&rdquo; animation=&rdquo;fade-in&rdquo; column_padding=&rdquo;no-extra-padding&rdquo; column_padding_position=&rdquo;all&rdquo; background_color_opacity=&rdquo;1&Prime; width=&rdquo;1\/1&Prime; column_border_width=&rdquo;none&rdquo; column_border_style=&rdquo;solid&rdquo; background_hover_color_opacity=&rdquo;1&Prime; column_shadow=&rdquo;none&rdquo; column_border_radius=&rdquo;none&rdquo;][vc_column_text]\n<h5 style=\"color: #0b3d70;\">Resoluci\u00f3n de Disputas Pol\u00edticas, Comerciales y Econ\u00f3micas<\/h5>\n[\/vc_column_text]<div class=\"divider-wrap\"><div style=\"height: 30px;\" class=\"divider\"><\/div><\/div>[vc_column_text]PGC has a broad network of relationships in Asia, Latin America and the US, which includes access to senior level advisors and think tanks focused on the resolution of political and economic issues, senior advisors and officials who can provide guidance on current and pending regulatory issues, guidance on contracts, trade issues, conflict resolution, immigration, investment and market entry. We have the ability to identify and connect with the appropriate decision makers to provide a clear and efficient path for executing your business plan or political agenda. We also work with public relations specialists who coordinate legislative efforts by working with local, state and federal governments as well as the media to assist our clients with legislative goals by creating policy proposals and working with government agencies and citizens.[\/vc_column_text][\/vc_column_inner][\/vc_row_inner][\/vc_column][\/vc_row][vc_row type=&rdquo;in_container&rdquo; full_screen_row_position=&rdquo;middle&rdquo; scene_position=&rdquo;center&rdquo; text_color=&rdquo;dark&rdquo; text_align=&rdquo;left&rdquo; id=&rdquo;script&rdquo; overlay_strength=&rdquo;0.3&Prime;][vc_column column_padding=&rdquo;no-extra-padding&rdquo; column_padding_position=&rdquo;all&rdquo; background_color_opacity=&rdquo;1&Prime; background_hover_color_opacity=&rdquo;1&Prime; column_shadow=&rdquo;none&rdquo; width=&rdquo;1\/1&Prime; tablet_text_alignment=&rdquo;default&rdquo; phone_text_alignment=&rdquo;default&rdquo; column_border_width=&rdquo;none&rdquo; column_border_style=&rdquo;solid&rdquo;][vc_column_text]<script>\n console.log(jQuery(window).width());\n if(jQuery(window).width()<1000){\n  jQuery('#top .col').attr('style','width:50% !important')\n }\n<\/script>\n<style>#ajax-content-wrap>.container-wrap{background:#0b3d70;} #script{display:none;} .pad-rem{padding-left:0 !important;} .img-cont{margin-left:0;}<\/style>\n[\/vc_column_text][\/vc_column][\/vc_row]\n<\/body><\/html>","protected":false},"excerpt":{"rendered":"<!DOCTYPE html PUBLIC \"-\/\/W3C\/\/DTD HTML 4.0 Transitional\/\/EN\"  \"http:\/\/www.w3.org\/TR\/REC-html40\/loose.dtd\">\n<html><body><p>[vc_row type=&rdquo;in_container&rdquo; full_screen_row_position=&rdquo;middle&rdquo; scene_position=&rdquo;center&rdquo; text_color=&rdquo;light&rdquo; text_align=&rdquo;left&rdquo; class=&rdquo;onpc&rdquo; overlay_strength=&rdquo;0.3&Prime;][vc_column column_padding=&rdquo;no-extra-padding&rdquo; column_padding_position=&rdquo;all&rdquo; background_color_opacity=&rdquo;1&Prime; background_hover_color_opacity=&rdquo;1&Prime; column_shadow=&rdquo;none&rdquo; width=&rdquo;1\/1&Prime; tablet_text_alignment=&rdquo;default&rdquo; phone_text_alignment=&rdquo;default&rdquo; column_border_width=&rdquo;none&rdquo; column_border_style=&rdquo;solid&rdquo;][vc_column_text] Blockchain and Digital Assets [\/vc_column_text][\/vc_column][\/vc_row][vc_row type=&rdquo;full_width_content&rdquo; full_screen_row_position=&rdquo;middle&rdquo; scene_position=&rdquo;center&rdquo; text_color=&rdquo;light&rdquo; text_align=&rdquo;left&rdquo; class=&rdquo;onmob&rdquo; overlay_strength=&rdquo;0.3&Prime;][vc_column&hellip;<\/p>\n<\/body><\/html>","protected":false},"author":3,"featured_media":0,"parent":0,"menu_order":0,"comment_status":"closed","ping_status":"closed","template":"","meta":[],"_links":{"self":[{"href":"https:\/\/primarygc.com\/es\/wp-json\/wp\/v2\/pages\/5971"}],"collection":[{"href":"https:\/\/primarygc.com\/es\/wp-json\/wp\/v2\/pages"}],"about":[{"href":"https:\/\/primarygc.com\/es\/wp-json\/wp\/v2\/types\/page"}],"author":[{"embeddable":true,"href":"https:\/\/primarygc.com\/es\/wp-json\/wp\/v2\/users\/3"}],"replies":[{"embeddable":true,"href":"https:\/\/primarygc.com\/es\/wp-json\/wp\/v2\/comments?post=5971"}],"version-history":[{"count":38,"href":"https:\/\/primarygc.com\/es\/wp-json\/wp\/v2\/pages\/5971\/revisions"}],"predecessor-version":[{"id":7146,"href":"https:\/\/primarygc.com\/es\/wp-json\/wp\/v2\/pages\/5971\/revisions\/7146"}],"wp:attachment":[{"href":"https:\/\/primarygc.com\/es\/wp-json\/wp\/v2\/media?parent=5971"}],"curies":[{"name":"wp","href":"https:\/\/api.w.org\/{rel}","templated":true}]}}