{"id":3166,"date":"2015-07-28T16:32:54","date_gmt":"2015-07-28T16:32:54","guid":{"rendered":"http:\/\/themenectar.com\/demo\/salient-agency\/?page_id=3166"},"modified":"2022-03-10T11:24:36","modified_gmt":"2022-03-10T11:24:36","slug":"home-default","status":"publish","type":"page","link":"https:\/\/primarygc.com\/es\/home-default\/","title":{"rendered":"<!DOCTYPE html PUBLIC \"-\/\/W3C\/\/DTD HTML 4.0 Transitional\/\/EN\" \"http:\/\/www.w3.org\/TR\/REC-html40\/loose.dtd\">\n<html><body><p>Home &ndash; Default<\/p><\/body><\/html>"},"content":{"rendered":"<!DOCTYPE html PUBLIC \"-\/\/W3C\/\/DTD HTML 4.0 Transitional\/\/EN\"  \"http:\/\/www.w3.org\/TR\/REC-html40\/loose.dtd\">\n<html><body><p>[vc_row type=&rdquo;full_width_background&rdquo; full_screen_row_position=&rdquo;middle&rdquo; full_height=&rdquo;yes&rdquo; scene_position=&rdquo;center&rdquo; text_color=&rdquo;dark&rdquo; text_align=&rdquo;left&rdquo; overlay_strength=&rdquo;0.3&Prime; exclude_row_header_color_inherit=&rdquo;true&rdquo;][vc_column boxed=&rdquo;true&rdquo; column_padding=&rdquo;no-extra-padding&rdquo; column_padding_position=&rdquo;all&rdquo; background_color_opacity=&rdquo;1&Prime; background_hover_color_opacity=&rdquo;1&Prime; column_shadow=&rdquo;none&rdquo; width=&rdquo;1\/1&Prime; tablet_text_alignment=&rdquo;default&rdquo; phone_text_alignment=&rdquo;default&rdquo; column_border_width=&rdquo;none&rdquo; column_border_style=&rdquo;solid&rdquo;]<\/p><div style=\"height: 650px\"  data-transition=\"slide\"  data-overall_style=\"classic\"  data-flexible-height=\"\"  data-animate-in-effect=\"none\"  data-fullscreen=\"true\"  data-button-sizing=\"regular\"  data-button-styling=\"btn_with_count\"  data-autorotate=\"\"  data-parallax=\"false\"  data-full-width=\"true\"  class=\"nectar-slider-wrap\"  id=\"ns-id-69e05111b0653\">\n\t\t\t<div style=\"height: 650px\"  class=\"swiper-container\"  data-tho=\"auto\"  data-tco=\"auto\"  data-pho=\"auto\"  data-pco=\"auto\"  data-loop=\"false\"  data-height=\"650\"  data-min-height=\"\"  data-arrows=\"false\"  data-bullets=\"false\"  data-bullet_style=\"see_through\"  data-desktop-swipe=\"false\" data-settings=\"\">\n\t\t\t\t    <div class=\"swiper-wrapper\"><div class=\"swiper-slide\"  data-bg-alignment=\"center\"  data-color-scheme=\"light\"  data-x-pos=\"left\"  data-y-pos=\"middle\"> \n\t\t\t\t\t\t\t\t<div class=\"image-bg\"  style=\"background-image: url(https:\/\/primarygc.com\/wp-content\/uploads\/2018\/03\/skyscraper-3032786_1920.jpg);\"> &nbsp; <\/div><div class=\"container\">\n\t\t\t\t\t\t\t\t\t<div class=\"content\"><h2>Finanzas Corporativas y Acceso al Mercado Global<\/h2><\/div>\n\t\t\t\t\t\t\t\t<\/div><!--\/container--><a href=\"#\"  class=\"slider-down-arrow\"><i class=\"icon-salient-down-arrow icon-default-style\"> <span class=\"ie-fix\"><\/span> <\/i><\/a><div class=\"video-texture\"> <span class=\"ie-fix\"><\/span> <\/div><\/div><!--\/swiper-slide--><div class=\"swiper-slide\"  data-bg-alignment=\"center\"  data-color-scheme=\"light\"  data-x-pos=\"left\"  data-y-pos=\"middle\"> \n\t\t\t\t\t\t\t\t<div class=\"image-bg\"  style=\"background-image: url(https:\/\/primarygc.com\/wp-content\/uploads\/2022\/03\/ThinkstockPhotos.jpeg);\"> &nbsp; <\/div><div class=\"container\">\n\t\t\t\t\t\t\t\t\t<div class=\"content\"><h2>Blockchain and Digital Assets<\/h2><\/div>\n\t\t\t\t\t\t\t\t<\/div><!--\/container--><a href=\"#\"  class=\"slider-down-arrow\"><i class=\"icon-salient-down-arrow icon-default-style\"> <span class=\"ie-fix\"><\/span> <\/i><\/a><div class=\"video-texture\"> <span class=\"ie-fix\"><\/span> <\/div><\/div><!--\/swiper-slide--><div class=\"swiper-slide\"  data-bg-alignment=\"center\"  data-color-scheme=\"light\"  data-x-pos=\"left\"  data-y-pos=\"middle\"> \n\t\t\t\t\t\t\t\t<div class=\"image-bg\"  style=\"background-image: url(https:\/\/primarygc.com\/wp-content\/uploads\/2019\/09\/alejandro-luengo-6_EmGnL1cNE-unsplash.jpg);\"> &nbsp; <\/div><div class=\"container\">\n\t\t\t\t\t\t\t\t\t<div class=\"content\"><h2>Visi\u00f3n emprendedora y conocimiento del mercado<\/h2><\/div>\n\t\t\t\t\t\t\t\t<\/div><!--\/container--><a href=\"#\"  class=\"slider-down-arrow\"><i class=\"icon-salient-down-arrow icon-default-style\"> <span class=\"ie-fix\"><\/span> <\/i><\/a><div class=\"video-texture\" > <span class=\"ie-fix\"><\/span> <\/div><\/div><!--\/swiper-slide--><div class=\"swiper-slide\"  data-bg-alignment=\"center\"  data-color-scheme=\"light\"  data-x-pos=\"centered\"  data-y-pos=\"middle\"> \n\t\t\t\t\t\t\t\t<div class=\"image-bg\"  style=\"background-image: url(https:\/\/primarygc.com\/wp-content\/uploads\/2018\/03\/singapore-1092810_1920.jpg);\"> &nbsp; <\/div><div class=\"container\" >\n\t\t\t\t\t\t\t\t\t<div class=\"content\"><h2 class=\" translation-block\"><b>Vision Avanzada<\/b>  en un <b>Mundo<\/b>  Global<\/h2><\/div>\n\t\t\t\t\t\t\t\t<\/div><!--\/container--><a href=\"#\"  class=\"slider-down-arrow\"><i class=\"icon-salient-down-arrow icon-default-style\"> <span class=\"ie-fix\"><\/span> <\/i><\/a><div class=\"video-texture\"> <span class=\"ie-fix\"><\/span> <\/div><\/div><!--\/swiper-slide--><div class=\"swiper-slide\"  data-bg-alignment=\"top\"  data-color-scheme=\"light\"  data-x-pos=\"centered\"  data-y-pos=\"middle\"> \n\t\t\t\t\t\t\t\t<div class=\"image-bg\"  style=\"background-image: url(https:\/\/primarygc.com\/wp-content\/uploads\/2019\/09\/latin-america.jpg);\"> &nbsp; <\/div><div class=\"container\">\n\t\t\t\t\t\t\t\t\t<div class=\"content\" ><h2>Soluciones Globales, Experiencia Local<\/h2><\/div>\n\t\t\t\t\t\t\t\t<\/div><!--\/container--><a href=\"#\"  class=\"slider-down-arrow\"><i class=\"icon-salient-down-arrow icon-default-style\"> <span class=\"ie-fix\"><\/span> <\/i><\/a><div class=\"video-texture\"> <span class=\"ie-fix\"><\/span> <\/div><\/div><!--\/swiper-slide--><div class=\"swiper-slide\"  data-bg-alignment=\"center\"  data-color-scheme=\"light\"  data-x-pos=\"centered\"  data-y-pos=\"middle\"> \n\t\t\t\t\t\t\t\t<div class=\"image-bg\"  style=\"background-image: url(https:\/\/primarygc.com\/wp-content\/uploads\/2018\/03\/architecture-3120927_1920.jpg);\"> &nbsp; <\/div><div class=\"container\">\n\t\t\t\t\t\t\t\t\t<div class=\"content\"><h2>Desarrollar una ventaja competitiva global<\/h2><\/div>\n\t\t\t\t\t\t\t\t<\/div><!--\/container--><a href=\"#\"  class=\"slider-down-arrow\"><i class=\"icon-salient-down-arrow icon-default-style\"> <span class=\"ie-fix\"><\/span> <\/i><\/a><div class=\"video-texture\"> <span class=\"ie-fix\"><\/span> <\/div><\/div><!--\/swiper-slide--><\/div><div class=\"nectar-slider-loading\"> <span class=\"loading-icon none\">   <\/span> <\/div> <\/div> \n\t\t\t\t\n\t\t\t<\/div>[\/vc_column][\/vc_row][vc_row type=&rdquo;full_width_background&rdquo; full_screen_row_position=&rdquo;middle&rdquo; equal_height=&rdquo;yes&rdquo; content_placement=&rdquo;middle&rdquo; bg_image=&rdquo;6061&Prime; bg_position=&rdquo;left top&rdquo; bg_repeat=&rdquo;no-repeat&rdquo; full_height=&rdquo;yes&rdquo; bg_color=&rdquo;#000000&Prime; scene_position=&rdquo;center&rdquo; text_color=&rdquo;light&rdquo; text_align=&rdquo;left&rdquo; bottom_padding=&rdquo;17%&rdquo; color_overlay=&rdquo;#000000&Prime; overlay_strength=&rdquo;0.5&Prime; exclude_row_header_color_inherit=&rdquo;true&rdquo; shape_divider_position=&rdquo;bottom&rdquo; shape_type=&rdquo;&rdquo;][vc_column enable_animation=&rdquo;true&rdquo; animation=&rdquo;fade-in&rdquo; column_padding=&rdquo;padding-1-percent&rdquo; column_padding_position=&rdquo;left-right&rdquo; background_color_opacity=&rdquo;1&Prime; background_hover_color_opacity=&rdquo;1&Prime; column_shadow=&rdquo;none&rdquo; width=&rdquo;1\/1&Prime; tablet_text_alignment=&rdquo;default&rdquo; phone_text_alignment=&rdquo;default&rdquo; column_border_width=&rdquo;none&rdquo; column_border_style=&rdquo;solid&rdquo; column_border_radius=&rdquo;none&rdquo;]<div class=\"divider-wrap\"><div style=\"height: 25px;\" class=\"divider\"><\/div><\/div><div class=\"divider-wrap\"><div style=\"height: 30px;\"  class=\"divider\"><\/div><\/div>[vc_column_text css_animation=&rdquo;lightSpeedIn&rdquo;]\n<h2 style=\"text-align: center;\">Primary Global Consulting LLC is a full service, fully integrated business advisory and consulting company<\/h2>\n[\/vc_column_text]<div class=\"divider-wrap\"><div style=\"height: 25px;\" class=\"divider\"><\/div><\/div><div class=\"divider-wrap\"><div style=\"height: 25px;\"  class=\"divider\"><\/div><\/div>[vc_column_text css_animation=&rdquo;bounceInUp&rdquo;]\n<h4><\/h4>\n<h4><\/h4>\n<h4><\/h4>\n<h4 style=\"text-align: left; text-transform: none;\">We are providing value added services, relationships and management in order to facilitate the successful execution of your business strategy. Our value-added services and relationships focus on the execution of Market Entry strategies for unique products and services (US to Asia and Asia to US) and Government Relations (US to Asia and Asia to US) to expedite our client&acirc;&#128;&#153;s agenda. &Acirc;&nbsp;Our expertise includes working with both small and medium sized businesses and Fortune 100 companies for traditional market entry strategies which include partnering as well as the acquisition of local market players to establish an immediate presence.<\/h4>\n[\/vc_column_text]<div class=\"divider-wrap\"><div style=\"height: 25px;\" class=\"divider\"><\/div><\/div>[vc_column_text css_animation=&rdquo;bounceInUp&rdquo;]\n<h4><\/h4>\n<h4><\/h4>\n<h4><\/h4>\n<h4 style=\"text-transform: none;\">Adem\u00e1s de nuestros servicios de valor a\u00f1adido, mantenemos una relaci\u00f3n afiliada con Primary Capital LLC (<a href=\"http:\/\/www.primaryllc.com\">www.primaryllc.com<\/a>), a full services investment banking firm which can provide our clients with the financial resources required for growth and expansion.<\/h4>\n[\/vc_column_text]<div class=\"divider-wrap\"><div style=\"height: 25px;\" class=\"divider\"><\/div><\/div>[\/vc_column][\/vc_row][vc_row type=&rdquo;full_width_background&rdquo; full_screen_row_position=&rdquo;middle&rdquo; bg_color=&rdquo;#ffffff&rdquo; scene_position=&rdquo;center&rdquo; text_color=&rdquo;dark&rdquo; text_align=&rdquo;center&rdquo; top_padding=&rdquo;15%&rdquo; bottom_padding=&rdquo;15%&rdquo; overlay_strength=&rdquo;0.3&Prime; exclude_row_header_color_inherit=&rdquo;true&rdquo; shape_divider_position=&rdquo;bottom&rdquo;][vc_column enable_animation=&rdquo;true&rdquo; animation=&rdquo;fade-in-from-bottom&rdquo; column_padding=&rdquo;no-extra-padding&rdquo; column_padding_position=&rdquo;all&rdquo; background_color_opacity=&rdquo;1&Prime; background_hover_color_opacity=&rdquo;1&Prime; column_shadow=&rdquo;none&rdquo; width=&rdquo;1\/1&Prime; tablet_text_alignment=&rdquo;default&rdquo; phone_text_alignment=&rdquo;default&rdquo; column_border_width=&rdquo;none&rdquo; column_border_style=&rdquo;solid&rdquo; column_border_radius=&rdquo;none&rdquo;][vc_column_text]\n<h1 style=\"text-align: center;\">The Services We Provide<\/h1>\n[\/vc_column_text][\/vc_column][\/vc_row][vc_row type=&rdquo;full_width_content&rdquo; full_screen_row_position=&rdquo;middle&rdquo; bg_image=&rdquo;5259&Prime; bg_position=&rdquo;center center&rdquo; bg_repeat=&rdquo;no-repeat&rdquo; parallax_bg=&rdquo;true&rdquo; parallax_bg_speed=&rdquo;fast&rdquo; bg_color=&rdquo;#4e475c&rdquo; scene_position=&rdquo;center&rdquo; text_color=&rdquo;light&rdquo; text_align=&rdquo;center&rdquo; overlay_strength=&rdquo;0.3&Prime; exclude_row_header_color_inherit=&rdquo;true&rdquo; shape_divider_position=&rdquo;bottom&rdquo;][vc_column centered_text=&rdquo;true&rdquo; column_padding=&rdquo;padding-4-percent&rdquo; column_padding_position=&rdquo;all&rdquo; background_color_opacity=&rdquo;1&Prime; background_color_hover=&rdquo;#0a0a0a&rdquo; background_hover_color_opacity=&rdquo;0.2&Prime; column_shadow=&rdquo;none&rdquo; width=&rdquo;1\/4&Prime; tablet_text_alignment=&rdquo;default&rdquo; phone_text_alignment=&rdquo;default&rdquo; column_border_width=&rdquo;none&rdquo; column_border_style=&rdquo;solid&rdquo; column_border_radius=&rdquo;none&rdquo; column_link=&rdquo;http:\/\/pgcdesign.invansys.com\/market-entry\/&rdquo;]<div class=\"divider-wrap\"><div style=\"height: 75px;\" class=\"divider\"><\/div><\/div>[vc_column_text]<i class=\"fa fa-area-chart\"  style=\"color: #9557d7; font-size: 50px;\"  aria-hidden=\"true\"><\/i>\n<h4>Acceso Al Mercado<\/h4>\n[\/vc_column_text]<div class=\"divider-wrap\"><div style=\"height: 15px;\" class=\"divider\"><\/div><\/div>[vc_column_text]\n<p style=\"text-align: left;\">Primary Global Consulting actuar\u00e1 como su punto de contacto, proporcion\u00e1ndole una estrategia comercial de acceso al mercado de servicio completo que incluye socios de gesti\u00f3n locales.<\/p>\n[\/vc_column_text]<div class=\"divider-wrap\"><div style=\"height: 75px;\" class=\"divider\"><\/div><\/div>[\/vc_column][vc_column column_padding=&rdquo;padding-4-percent&rdquo; column_padding_position=&rdquo;all&rdquo; background_color_opacity=&rdquo;1&Prime; background_color_hover=&rdquo;#0a0a0a&rdquo; background_hover_color_opacity=&rdquo;0.2&Prime; column_shadow=&rdquo;none&rdquo; width=&rdquo;1\/4&Prime; tablet_text_alignment=&rdquo;default&rdquo; phone_text_alignment=&rdquo;default&rdquo; column_border_width=&rdquo;none&rdquo; column_border_style=&rdquo;solid&rdquo; column_border_radius=&rdquo;none&rdquo; column_link=&rdquo;http:\/\/pgcdesign.invansys.com\/government-relations\/&rdquo;]<div class=\"divider-wrap\"><div style=\"height: 75px;\"  class=\"divider\"><\/div><\/div>[vc_column_text]<i class=\"fa fa-handshake-o\"  style=\"color: #9557d7; font-size: 50px; right: 20px;\"  aria-hidden=\"true\"><\/i>\n<h4>Relaciones Gubernamentales<\/h4>\n[\/vc_column_text]<div class=\"divider-wrap\"><div style=\"height: 15px;\" class=\"divider\"><\/div><\/div>[vc_column_text]\n<p style=\"text-align: left;\">PGC has a broad network of relationships in Asia and the US which include access to think tanks focused on the resolution of political and economic issues&hellip;<\/p>\n[\/vc_column_text]<div class=\"divider-wrap\"><div style=\"height: 75px;\" class=\"divider\"><\/div><\/div>[\/vc_column][vc_column column_padding=&rdquo;padding-4-percent&rdquo; column_padding_position=&rdquo;all&rdquo; background_color_opacity=&rdquo;1&Prime; background_color_hover=&rdquo;#0a0a0a&rdquo; background_hover_color_opacity=&rdquo;0.2&Prime; column_shadow=&rdquo;none&rdquo; width=&rdquo;1\/4&Prime; tablet_text_alignment=&rdquo;default&rdquo; phone_text_alignment=&rdquo;default&rdquo; column_border_width=&rdquo;none&rdquo; column_border_style=&rdquo;solid&rdquo; column_border_radius=&rdquo;none&rdquo; column_link=&rdquo;http:\/\/pgcdesign.invansys.com\/finance\/&rdquo;]<div class=\"divider-wrap\"><div style=\"height: 75px;\" class=\"divider\"><\/div><\/div>[vc_column_text]<i class=\"fa fa-bar-chart\"  style=\"color: #9557d7; font-size: 50px;\"  aria-hidden=\"true\"><\/i>\n<h4>Finanzas<\/h4>\n[\/vc_column_text]<div class=\"divider-wrap\"><div style=\"height: 15px;\" class=\"divider\"><\/div><\/div>[vc_column_text]\n<p style=\"text-align: left;\">All financial services are offered through our affiliated financial partner Primary Capital LLC (<a href=\"http:\/\/www.primaryllc.com\">www.primaryllc.com<\/a>).<br>\nTypes of services offerd:<br>\nFinanzas corporativas<br>\nFinanzas personales<\/p>\n[\/vc_column_text]<div class=\"divider-wrap\"><div style=\"height: 75px;\" class=\"divider\"><\/div><\/div>[\/vc_column][vc_column column_padding=&rdquo;padding-4-percent&rdquo; column_padding_position=&rdquo;all&rdquo; background_color_opacity=&rdquo;1&Prime; background_color_hover=&rdquo;#0a0a0a&rdquo; background_hover_color_opacity=&rdquo;0.2&Prime; column_shadow=&rdquo;none&rdquo; width=&rdquo;1\/4&Prime; tablet_text_alignment=&rdquo;default&rdquo; phone_text_alignment=&rdquo;default&rdquo; column_border_width=&rdquo;none&rdquo; column_border_style=&rdquo;solid&rdquo; column_border_radius=&rdquo;none&rdquo; column_link=&rdquo;http:\/\/pgcdesign.invansys.com\/consulting\/&rdquo;]<div class=\"divider-wrap\"><div style=\"height: 75px;\" class=\"divider\"><\/div><\/div>[vc_column_text]<i class=\"fa fa-address-card\"  style=\"color: #9557d7; font-size: 50px;\"  aria-hidden=\"true\"><\/i>\n<h4>Consultoria<\/h4>\n[\/vc_column_text]<div class=\"divider-wrap\"><div style=\"height: 15px;\" class=\"divider\"><\/div><\/div>[vc_column_text]\n<p style=\"text-align: left;\">PGC ofrece una amplia gama de servicios de consultor\u00eda empresarial que cubren el acceso al mercado, las relaciones gubernamentales y el acceso a altos ejecutivos de los sectores de inform\u00e1tica y telecomunicaciones.<\/p>\n[\/vc_column_text]<div class=\"divider-wrap\"><div style=\"height: 75px;\" class=\"divider\"><\/div><\/div>[\/vc_column][\/vc_row][vc_row type=&rdquo;full_width_background&rdquo; full_screen_row_position=&rdquo;middle&rdquo; bg_color=&rdquo;#a65bf4&Prime; scene_position=&rdquo;center&rdquo; text_color=&rdquo;light&rdquo; text_align=&rdquo;center&rdquo; top_padding=&rdquo;15%&rdquo; bottom_padding=&rdquo;15%&rdquo; overlay_strength=&rdquo;0.3&Prime; exclude_row_header_color_inherit=&rdquo;true&rdquo; shape_divider_position=&rdquo;bottom&rdquo;][vc_column enable_animation=&rdquo;true&rdquo; animation=&rdquo;fade-in-from-bottom&rdquo; column_padding=&rdquo;no-extra-padding&rdquo; column_padding_position=&rdquo;all&rdquo; background_color_opacity=&rdquo;1&Prime; background_hover_color_opacity=&rdquo;1&Prime; column_shadow=&rdquo;none&rdquo; width=&rdquo;1\/1&Prime; tablet_text_alignment=&rdquo;default&rdquo; phone_text_alignment=&rdquo;default&rdquo; column_border_width=&rdquo;none&rdquo; column_border_style=&rdquo;solid&rdquo; column_border_radius=&rdquo;none&rdquo;][vc_column_text]\n<h1 style=\"text-align: center;\">Case Studies<\/h1>\n[\/vc_column_text]<div class=\"divider-wrap\"><div style=\"height: 25px;\" class=\"divider\"><\/div><\/div>[vc_column_text css_animation=&rdquo;fadeInRight&rdquo;]\n<h2 style=\"text-align: right;\">Coming Soon&hellip;<\/h2>\n[\/vc_column_text][\/vc_column][\/vc_row][vc_row type=&rdquo;in_container&rdquo; full_screen_row_position=&rdquo;middle&rdquo; scene_position=&rdquo;center&rdquo; text_color=&rdquo;dark&rdquo; text_align=&rdquo;left&rdquo; overlay_strength=&rdquo;0.3&Prime; exclude_row_header_color_inherit=&rdquo;true&rdquo; shape_divider_position=&rdquo;bottom&rdquo;][vc_column column_padding=&rdquo;no-extra-padding&rdquo; column_padding_position=&rdquo;all&rdquo; background_color_opacity=&rdquo;1&Prime; background_hover_color_opacity=&rdquo;1&Prime; column_shadow=&rdquo;none&rdquo; width=&rdquo;1\/4&Prime; tablet_text_alignment=&rdquo;default&rdquo; phone_text_alignment=&rdquo;default&rdquo; column_border_width=&rdquo;none&rdquo; column_border_style=&rdquo;solid&rdquo; column_border_radius=&rdquo;none&rdquo;]<div class=\"divider-wrap\"><div style=\"height: 25px;\" class=\"divider\"><\/div><\/div><div class=\"team-member\"  data-style=\"meta_overlaid\"><div class=\"team-member-overlay\"><\/div><a href=\"https:\/\/www.linkedin.com\/in\/john-leo-2ab036a\/\"><\/a> <div class=\"team-member-image\"  style=\"background-image: url(https:\/\/primarygc.com\/wp-content\/uploads\/2018\/02\/john.jpg);\"><\/div><div class=\"team-meta\"><h3>John Leo<\/h3><p>Chairman<\/p><p><\/p><\/div><\/div>[\/vc_column][vc_column column_padding=&rdquo;no-extra-padding&rdquo; column_padding_position=&rdquo;all&rdquo; background_color_opacity=&rdquo;1&Prime; background_hover_color_opacity=&rdquo;1&Prime; column_shadow=&rdquo;none&rdquo; width=&rdquo;1\/4&Prime; tablet_text_alignment=&rdquo;default&rdquo; phone_text_alignment=&rdquo;default&rdquo; column_border_width=&rdquo;none&rdquo; column_border_style=&rdquo;solid&rdquo; column_border_radius=&rdquo;none&rdquo;]<div class=\"divider-wrap\"><div style=\"height: 25px;\"  class=\"divider\"><\/div><\/div><div class=\"team-member\"  data-style=\"meta_overlaid\"><div class=\"team-member-overlay\"><\/div><a href=\"https:\/\/www.linkedin.com\/in\/geckstein\/\"><\/a> <div class=\"team-member-image\"  style=\"background-image: url(https:\/\/primarygc.com\/wp-content\/uploads\/2018\/02\/greg.jpg);\"><\/div><div class=\"team-meta\"><h3>Greg Eckstein<\/h3><p>Managing Director<\/p><p><\/p><\/div><\/div>[\/vc_column][vc_column column_padding=&rdquo;no-extra-padding&rdquo; column_padding_position=&rdquo;all&rdquo; background_color_opacity=&rdquo;1&Prime; background_hover_color_opacity=&rdquo;1&Prime; column_shadow=&rdquo;none&rdquo; width=&rdquo;1\/4&Prime; tablet_text_alignment=&rdquo;default&rdquo; phone_text_alignment=&rdquo;default&rdquo; column_border_width=&rdquo;none&rdquo; column_border_style=&rdquo;solid&rdquo; column_border_radius=&rdquo;none&rdquo;]<div class=\"divider-wrap\"><div style=\"height: 25px;\"  class=\"divider\"><\/div><\/div><div class=\"team-member\"  data-style=\"meta_overlaid\"><div class=\"team-member-overlay\"><\/div><a href=\"https:\/\/www.linkedin.com\/in\/art-magee-cfa-36447a11\/\"><\/a> <div class=\"team-member-image\"  style=\"background-image: url(https:\/\/primarygc.com\/wp-content\/uploads\/2018\/02\/default-user-img.jpg);\"><\/div><div class=\"team-meta\"><h3>Art Magee<\/h3><p>Senior Managing Director<\/p><p><\/p><\/div><\/div>[\/vc_column][vc_column column_padding=&rdquo;no-extra-padding&rdquo; column_padding_position=&rdquo;all&rdquo; background_color_opacity=&rdquo;1&Prime; background_hover_color_opacity=&rdquo;1&Prime; column_shadow=&rdquo;none&rdquo; width=&rdquo;1\/4&Prime; tablet_text_alignment=&rdquo;default&rdquo; phone_text_alignment=&rdquo;default&rdquo; column_border_width=&rdquo;none&rdquo; column_border_style=&rdquo;solid&rdquo; column_border_radius=&rdquo;none&rdquo;]<div class=\"divider-wrap\"><div style=\"height: 25px;\"  class=\"divider\"><\/div><\/div><div class=\"team-member\"  data-style=\"meta_overlaid\"><div class=\"team-member-overlay\"><\/div><a href=\"https:\/\/www.linkedin.com\/in\/stevenxiaotiansong\/\"><\/a> <div class=\"team-member-image\"  style=\"background-image: url(https:\/\/primarygc.com\/wp-content\/uploads\/2018\/02\/default-user-img.jpg);\"><\/div><div class=\"team-meta\"><h3>Steven Song <\/h3><p>Investment Banking Senior Analyst<\/p><p><\/p><\/div><\/div>[\/vc_column][\/vc_row]\n<\/body><\/html>","protected":false},"excerpt":{"rendered":"<!DOCTYPE html PUBLIC \"-\/\/W3C\/\/DTD HTML 4.0 Transitional\/\/EN\"  \"http:\/\/www.w3.org\/TR\/REC-html40\/loose.dtd\">\n<html><body><p>[vc_row type=&rdquo;full_width_background&rdquo; full_screen_row_position=&rdquo;middle&rdquo; full_height=&rdquo;yes&rdquo; scene_position=&rdquo;center&rdquo; text_color=&rdquo;dark&rdquo; text_align=&rdquo;left&rdquo; overlay_strength=&rdquo;0.3&Prime; exclude_row_header_color_inherit=&rdquo;true&rdquo;][vc_column boxed=&rdquo;true&rdquo; column_padding=&rdquo;no-extra-padding&rdquo; column_padding_position=&rdquo;all&rdquo; background_color_opacity=&rdquo;1&Prime; background_hover_color_opacity=&rdquo;1&Prime; column_shadow=&rdquo;none&rdquo; width=&rdquo;1\/1&Prime; tablet_text_alignment=&rdquo;default&rdquo; phone_text_alignment=&rdquo;default&rdquo; column_border_width=&rdquo;none&rdquo; column_border_style=&rdquo;solid&rdquo;][\/vc_column][\/vc_row][vc_row type=&rdquo;full_width_background&rdquo; full_screen_row_position=&rdquo;middle&rdquo; equal_height=&rdquo;yes&rdquo; content_placement=&rdquo;middle&rdquo; bg_image=&rdquo;6061&Prime; bg_position=&rdquo;left top&rdquo; bg_repeat=&rdquo;no-repeat&rdquo; full_height=&rdquo;yes&rdquo; bg_color=&rdquo;#000000&Prime;&hellip;<\/p>\n<\/body><\/html>","protected":false},"author":1,"featured_media":0,"parent":0,"menu_order":0,"comment_status":"open","ping_status":"open","template":"","meta":[],"_links":{"self":[{"href":"https:\/\/primarygc.com\/es\/wp-json\/wp\/v2\/pages\/3166"}],"collection":[{"href":"https:\/\/primarygc.com\/es\/wp-json\/wp\/v2\/pages"}],"about":[{"href":"https:\/\/primarygc.com\/es\/wp-json\/wp\/v2\/types\/page"}],"author":[{"embeddable":true,"href":"https:\/\/primarygc.com\/es\/wp-json\/wp\/v2\/users\/1"}],"replies":[{"embeddable":true,"href":"https:\/\/primarygc.com\/es\/wp-json\/wp\/v2\/comments?post=3166"}],"version-history":[{"count":16,"href":"https:\/\/primarygc.com\/es\/wp-json\/wp\/v2\/pages\/3166\/revisions"}],"predecessor-version":[{"id":7118,"href":"https:\/\/primarygc.com\/es\/wp-json\/wp\/v2\/pages\/3166\/revisions\/7118"}],"wp:attachment":[{"href":"https:\/\/primarygc.com\/es\/wp-json\/wp\/v2\/media?parent=3166"}],"curies":[{"name":"wp","href":"https:\/\/api.w.org\/{rel}","templated":true}]}}